{"id":49,"date":"2023-04-13T10:40:46","date_gmt":"2023-04-13T08:40:46","guid":{"rendered":"https:\/\/www.ddweb.be\/blog\/?page_id=49"},"modified":"2023-04-13T10:40:46","modified_gmt":"2023-04-13T08:40:46","slug":"offre-pack-e-commerce","status":"publish","type":"page","link":"https:\/\/www.ddweb.be\/blog\/offre-pack-e-commerce\/","title":{"rendered":"OFFRE PACK E \u2013 COMMERCE"},"content":{"rendered":"\n<p>Un site Internet bas\u00e9 sur WooCommerce:<\/p>\n\n\n\n<p>La solution Open Source qui bouleverse le e-commerce.<br><strong>Notre expertise dans la solution WooCommerce nous permet de vous proposer :<\/strong><\/p>\n\n\n\n<p>De d\u00e9velopper des applications sur mesure int\u00e9gr\u00e9es \u00e0 votre site, Une bonne ma\u00eetrise des aspects ergonomiques d\u2019une boutique en ligne, Le suivi des projets avec un accompagnement de nos clients, L\u2019utilisation des solutions Open Source de vente en ligne.<\/p>\n\n\n\n<p><strong>Quelques exemples de fonctionnalit\u00e9s WooCommerce utiles :<\/strong> Produits phares sur la page d\u2019accueil Agrandissement de l\u2019image d\u2019un produit Inscription du client et compte personnel M\u00e9thodes de paiement illimit\u00e9es G\u00e9n\u00e9ration de factures PDF Syst\u00e8me de fid\u00e9lit\u00e9 Taux de change adapt\u00e9 en temps r\u00e9el Notification par email des statuts de livraison&nbsp; Statistique &nbsp; Vous souhaitez d\u00e9velopper votre commerce sur la toile&nbsp;?<\/p>\n\n\n\n<p>&nbsp;Notre Pack E-commerce pour 540 \u20acHT<\/p>\n\n\n\n<p>&nbsp;La formule d\u2019h\u00e9bergement n\u00e9cessaire pour notre pack E-commerce est : Pack 3000<\/p>\n\n\n\n<p>&nbsp;<strong>Tous nos prix sont HTVA<\/strong><\/p>\n","protected":false},"excerpt":{"rendered":"<p>Un site Internet bas\u00e9 sur WooCommerce: La solution Open Source qui bouleverse le e-commerce.Notre expertise dans la solution WooCommerce nous [&hellip;]<\/p>\n","protected":false},"author":1,"featured_media":0,"parent":0,"menu_order":0,"comment_status":"closed","ping_status":"closed","template":"","meta":{"_sitemap_exclude":false,"_sitemap_priority":"","_sitemap_frequency":"","footnotes":""},"class_list":["post-49","page","type-page","status-publish","hentry"],"_links":{"self":[{"href":"https:\/\/www.ddweb.be\/blog\/wp-json\/wp\/v2\/pages\/49","targetHints":{"allow":["GET"]}}],"collection":[{"href":"https:\/\/www.ddweb.be\/blog\/wp-json\/wp\/v2\/pages"}],"about":[{"href":"https:\/\/www.ddweb.be\/blog\/wp-json\/wp\/v2\/types\/page"}],"author":[{"embeddable":true,"href":"https:\/\/www.ddweb.be\/blog\/wp-json\/wp\/v2\/users\/1"}],"replies":[{"embeddable":true,"href":"https:\/\/www.ddweb.be\/blog\/wp-json\/wp\/v2\/comments?post=49"}],"version-history":[{"count":4,"href":"https:\/\/www.ddweb.be\/blog\/wp-json\/wp\/v2\/pages\/49\/revisions"}],"predecessor-version":[{"id":53,"href":"https:\/\/www.ddweb.be\/blog\/wp-json\/wp\/v2\/pages\/49\/revisions\/53"}],"wp:attachment":[{"href":"https:\/\/www.ddweb.be\/blog\/wp-json\/wp\/v2\/media?parent=49"}],"curies":[{"name":"wp","href":"https:\/\/api.w.org\/{rel}","templated":true}]}}