{"id":86,"date":"2023-04-13T12:55:16","date_gmt":"2023-04-13T10:55:16","guid":{"rendered":"https:\/\/www.ddweb.be\/blog\/?page_id=86"},"modified":"2023-04-13T12:55:16","modified_gmt":"2023-04-13T10:55:16","slug":"politique-de-confidentialite","status":"publish","type":"page","link":"https:\/\/www.ddweb.be\/blog\/politique-de-confidentialite\/","title":{"rendered":"Politique de confidentialit\u00e9"},"content":{"rendered":"\n<p><strong>POLITIQUE DE CONFIDENTIALIT\u00c9<br>DDWeb<br><\/strong><\/p>\n\n\n\n<p>Nous prenons au s\u00e9rieux la protection et le respect de la vie priv\u00e9e des utilisateurs de notre site web et prenons les mesures n\u00e9cessaires pour le garantir. Nous nous engageons donc \u00e0 respecter la confidentialit\u00e9 des renseignements personnels que nous collectons selon les modalit\u00e9s d\u00e9crites ci-dessous. Nos utilisateurs trouveront dans la pr\u00e9sente <em>Politique de confidentialit\u00e9<\/em> les renseignements personnels que nous collectons \u00e0 leur sujet, \u00e0 quelles fins ces renseignements sont utilis\u00e9s, les moyens de les collecter, les moyens dont les utilisateurs disposent pour s\u2019opposer \u00e0 la collecte ainsi que les mesures de s\u00e9curit\u00e9 prises pour prot\u00e9ger leurs renseignements personnels.<\/p>\n\n\n\n<ol class=\"wp-block-list\">\n<li><strong>COLLECTE DE RENSEIGNEMENTS PERSONNELS<\/strong><\/li>\n<\/ol>\n\n\n\n<p>Nous collectons les renseignements suivants :<\/p>\n\n\n\n<ul class=\"wp-block-list\">\n<li>Nom<\/li>\n\n\n\n<li>Pr\u00e9nom<\/li>\n\n\n\n<li>Adresse postale<\/li>\n\n\n\n<li>Code postal<\/li>\n\n\n\n<li>Adresse \u00e9lectronique<\/li>\n\n\n\n<li>Num\u00e9ro de t\u00e9l\u00e9phone \/ t\u00e9l\u00e9copieur<\/li>\n<\/ul>\n\n\n\n<p>Les renseignements personnels que nous collectons sont recueillis par l\u2019entremise des modes de collecte d\u00e9crits ci-bas, dans les sections \u00ab&nbsp;Formulaires et modes de collecte&nbsp;\u00bb et suivantes.<\/p>\n\n\n\n<ol class=\"wp-block-list\" start=\"2\">\n<li><strong>FORMULAIRES ET MODES DE COLLECTE<\/strong><\/li>\n<\/ol>\n\n\n\n<p>Vos renseignements personnels sont collect\u00e9s par l\u2019entremise des m\u00e9thodes suivantes :<\/p>\n\n\n\n<ul class=\"wp-block-list\">\n<li>Formulaire d\u2019inscription au site Web<\/li>\n\n\n\n<li>Formulaire de commande<\/li>\n\n\n\n<li>Formulaire contact<\/li>\n<\/ul>\n\n\n\n<p>Nous utilisons les renseignements ainsi collect\u00e9s pour les finalit\u00e9s suivantes :<\/p>\n\n\n\n<ul class=\"wp-block-list\">\n<li>Suivis de commande<\/li>\n\n\n\n<li>Statistiques<\/li>\n\n\n\n<li>Contact<\/li>\n\n\n\n<li>Gestion du site Web (pr\u00e9sentation, organisation)<\/li>\n<\/ul>\n\n\n\n<ol class=\"wp-block-list\" start=\"3\">\n<li><strong>INTERACTIVIT\u00c9<\/strong><\/li>\n<\/ol>\n\n\n\n<p>Vos renseignements sont \u00e9galement collect\u00e9s par le biais de l\u2019interactivit\u00e9 pouvant s\u2019\u00e9tablir entre vous et notre site Web. Ces renseignements sont collect\u00e9s par les moyens suivants :<\/p>\n\n\n\n<ul class=\"wp-block-list\">\n<li>Commentaires<\/li>\n\n\n\n<li>Correspondance<\/li>\n<\/ul>\n\n\n\n<p>Nous utilisons les renseignements ainsi collect\u00e9s pour les finalit\u00e9s suivantes :<\/p>\n\n\n\n<ul class=\"wp-block-list\">\n<li>Contact<\/li>\n\n\n\n<li>Gestion du site Web (pr\u00e9sentation, organisation)<\/li>\n<\/ul>\n\n\n\n<ol class=\"wp-block-list\" start=\"4\">\n<li><strong>FICHIERS JOURNAUX ET T\u00c9MOINS<\/strong><\/li>\n<\/ol>\n\n\n\n<p>Nous recueillons certaines informations par le biais de fichiers journaux (log file) et de fichiers t\u00e9moins (cookies). Il s\u2019agit principalement des informations suivantes :<\/p>\n\n\n\n<ul class=\"wp-block-list\">\n<li>Adresse IP<\/li>\n\n\n\n<li>Syst\u00e8me d\u2019exploitation<\/li>\n\n\n\n<li>Pages visit\u00e9es et requ\u00eates<\/li>\n\n\n\n<li>Heure et jour de connexion<\/li>\n<\/ul>\n\n\n\n<p>Le recours \u00e0 de tels fichiers nous permet d\u2019atteindre les objectifs suivants :<\/p>\n\n\n\n<ul class=\"wp-block-list\">\n<li>Am\u00e9lioration du service et accueil personnalis\u00e9<\/li>\n\n\n\n<li>Suivis de commande<\/li>\n\n\n\n<li>\u00c9tudes statistiques<\/li>\n<\/ul>\n\n\n\n<ol class=\"wp-block-list\" start=\"5\">\n<li><strong>DROIT D\u2019OPPOSITION ET DE RETRAIT<\/strong><\/li>\n<\/ol>\n\n\n\n<p>Nous nous engageons \u00e0 vous offrir un droit d\u2019opposition et de retrait quant \u00e0 vos renseignements personnels.<\/p>\n\n\n\n<p>Le droit d\u2019opposition s\u2019entend comme \u00e9tant la possibilit\u00e9 offerte aux internautes de refuser que leurs renseignements personnels soient utilis\u00e9es \u00e0 certaines fins mentionn\u00e9es lors de la collecte.<\/p>\n\n\n\n<p>Le droit de retrait s\u2019entend comme \u00e9tant la possibilit\u00e9 offerte aux internautes de demander \u00e0 ce que leurs renseignements personnels ne figurent plus, par exemple, dans une liste de diffusion.<\/p>\n\n\n\n<p>Pour pouvoir exercer ces droits, vous pouvez rejoindre les propri\u00e9taires du site web et leur faire parvenir un avis leur faisant part de votre opposition \u00e0 l\u2019utilisation de vos renseignements personnels pour les fins qui ne vous conviennent pas ou leur faire parvenir votre demande de retrait \u00e0 l\u2019adresse qui suit :<\/p>\n\n\n\n<p><strong>DDWeb<\/strong><\/p>\n\n\n\n<p><em>Adresse postale :<\/em><\/p>\n\n\n\n<p>Chauss\u00e9e Victor Lampe,73<br>7866 Ollignies<br>Belgique<br>0032 479 29 20 14<br>info@ddweb.be<br><a href=\"https:\/\/www.ddweb.be\/blog\/contactez-nous\/\">Via notre formulaire de contact<\/a><\/p>\n\n\n\n<ol class=\"wp-block-list\" start=\"6\">\n<li><strong>DROIT D\u2019ACC\u00c8S<\/strong><\/li>\n<\/ol>\n\n\n\n<p>Nous nous engageons \u00e0 reconna\u00eetre un droit d\u2019acc\u00e8s et de rectification aux personnes concern\u00e9es d\u00e9sireuses de consulter, modifier, voir radier les informations les concernant.<\/p>\n\n\n\n<p>L\u2019exercice de ce droit se fera par l\u2019envoi d\u2019un avis aux propri\u00e9taires du site web \u00e0 l\u2019adresse suivante :<\/p>\n\n\n\n<p><strong>DDWeb<\/strong><\/p>\n\n\n\n<p><em>Adresse postale :<\/em><\/p>\n\n\n\n<p>Chauss\u00e9e Victor Lampe,73<br>7866 Ollignies<br>Belgique<br>0032 479 29 20 14<br>info@ddweb.be<br><a href=\"https:\/\/www.ddweb.be\/blog\/contactez-nous\/\">Via notre formulaire de contact<\/a><\/p>\n\n\n\n<ol class=\"wp-block-list\" start=\"7\">\n<li><strong>S\u00c9CURIT\u00c9<\/strong><\/li>\n<\/ol>\n\n\n\n<p>Les renseignements personnels que nous collectons sont conserv\u00e9s dans un environnement s\u00e9curis\u00e9. Les personnes travaillant pour nous sont tenues de respecter la confidentialit\u00e9 de vos informations.<\/p>\n\n\n\n<p>Pour assurer la s\u00e9curit\u00e9 de vos renseignements personnels, nous avons recours aux mesures suivantes :<\/p>\n\n\n\n<ul class=\"wp-block-list\">\n<li>Protocole SSL (Secure Sockets Layer)<\/li>\n\n\n\n<li>Protocole SET (Secure Electronic Transaction)<\/li>\n\n\n\n<li>Gestion des acc\u00e8s \u00e2 personne autoris\u00e9e<\/li>\n\n\n\n<li>Sauvegarde informatique<\/li>\n\n\n\n<li>Identifiant \/ mot de passe<\/li>\n\n\n\n<li>Parefeu (Firewalls)<\/li>\n<\/ul>\n\n\n\n<p>Nous nous engageons \u00e0 maintenir un haut degr\u00e9 de confidentialit\u00e9 en int\u00e9grant les derni\u00e8res innovations technologiques permettant d\u2019assurer la confidentialit\u00e9 de vos transactions. Toutefois, comme aucun m\u00e9canisme n\u2019offre une s\u00e9curit\u00e9 maximale, une part de risque est toujours pr\u00e9sente lorsque l\u2019on utilise Internet pour transmettre des renseignements personnels.<\/p>\n\n\n\n<ol class=\"wp-block-list\" start=\"8\">\n<li><strong>L\u00c9GISLATION<\/strong><\/li>\n<\/ol>\n\n\n\n<p>Nous nous engageons \u00e0 respecter les dispositions l\u00e9gislatives<\/p>\n","protected":false},"excerpt":{"rendered":"<p>POLITIQUE DE CONFIDENTIALIT\u00c9DDWeb Nous prenons au s\u00e9rieux la protection et le respect de la vie priv\u00e9e des utilisateurs de notre [&hellip;]<\/p>\n","protected":false},"author":1,"featured_media":0,"parent":0,"menu_order":0,"comment_status":"closed","ping_status":"closed","template":"","meta":{"_sitemap_exclude":false,"_sitemap_priority":"","_sitemap_frequency":"","footnotes":""},"class_list":["post-86","page","type-page","status-publish","hentry"],"_links":{"self":[{"href":"https:\/\/www.ddweb.be\/blog\/wp-json\/wp\/v2\/pages\/86","targetHints":{"allow":["GET"]}}],"collection":[{"href":"https:\/\/www.ddweb.be\/blog\/wp-json\/wp\/v2\/pages"}],"about":[{"href":"https:\/\/www.ddweb.be\/blog\/wp-json\/wp\/v2\/types\/page"}],"author":[{"embeddable":true,"href":"https:\/\/www.ddweb.be\/blog\/wp-json\/wp\/v2\/users\/1"}],"replies":[{"embeddable":true,"href":"https:\/\/www.ddweb.be\/blog\/wp-json\/wp\/v2\/comments?post=86"}],"version-history":[{"count":1,"href":"https:\/\/www.ddweb.be\/blog\/wp-json\/wp\/v2\/pages\/86\/revisions"}],"predecessor-version":[{"id":87,"href":"https:\/\/www.ddweb.be\/blog\/wp-json\/wp\/v2\/pages\/86\/revisions\/87"}],"wp:attachment":[{"href":"https:\/\/www.ddweb.be\/blog\/wp-json\/wp\/v2\/media?parent=86"}],"curies":[{"name":"wp","href":"https:\/\/api.w.org\/{rel}","templated":true}]}}