{"id":90,"date":"2023-04-13T13:01:13","date_gmt":"2023-04-13T11:01:13","guid":{"rendered":"https:\/\/www.ddweb.be\/blog\/?page_id=90"},"modified":"2023-04-15T11:36:00","modified_gmt":"2023-04-15T09:36:00","slug":"qui-sommes-nous","status":"publish","type":"page","link":"https:\/\/www.ddweb.be\/blog\/qui-sommes-nous\/","title":{"rendered":"Qui sommes nous?"},"content":{"rendered":"\n<p>Toujours \u00e0 votre service.<br><strong>Une \u00e9quipe dynamique pour mener \u00e0 bien vos projets sur le Web<\/strong><\/p>\n\n\n\n<p>DDWeb est un groupe d\u2019ind\u00e9pendants qui travaillent en synergie.<\/p>\n\n\n\n<p>La souplesse de cette structure explique nos prix attractifs.<\/p>\n\n\n\n<ul class=\"wp-block-list\">\n<li>Cr\u00e9\u00e9e en 2004 \u00e0 Ollignies<\/li>\n\n\n\n<li>Nous d\u00e9veloppons nos sites Internet en \u00e9troite collaboration avec nos clients, en supervisant chacune des \u00e9tapes : nom de domaine, h\u00e9bergement, conception, \u2026<\/li>\n\n\n\n<li>Gr\u00e2ce \u00e0 sa structure de collaborateurs, <strong>DDWeb <\/strong>se sp\u00e9cialise dans les domaines de pointe des <strong>N<\/strong>ouvelles <strong>T<\/strong>echnologies de l\u2019<strong>I<\/strong>nformation (<strong>NTI<\/strong>)<\/li>\n<\/ul>\n\n\n\n<p><strong>DDWeb <\/strong>c\u2019est :<\/p>\n\n\n\n<ul class=\"wp-block-list\">\n<li>Cr\u00e9ations<\/li>\n\n\n\n<li>&nbsp;Design<\/li>\n\n\n\n<li>&nbsp;D\u00e9veloppement<\/li>\n\n\n\n<li>&nbsp;Consultance<\/li>\n\n\n\n<li>Offre de cr\u00e9ation pour tous budget<\/li>\n<\/ul>\n\n\n\n<p><strong>DESCHAMPS Didier <\/strong>BE 0870 787 113<\/p>\n\n\n\n<p>Chauss\u00e9e Victor lampe, 73<\/p>\n\n\n\n<p>7866 Ollignies<\/p>\n\n\n\n<p>0479 29 20 14&nbsp; <a href=\"mailto:info@ddweb.be\">info@ddweb.be<\/a><\/p>\n","protected":false},"excerpt":{"rendered":"<p>Toujours \u00e0 votre service.Une \u00e9quipe dynamique pour mener \u00e0 bien vos projets sur le Web DDWeb est un groupe d\u2019ind\u00e9pendants [&hellip;]<\/p>\n","protected":false},"author":1,"featured_media":0,"parent":0,"menu_order":0,"comment_status":"closed","ping_status":"closed","template":"","meta":{"_sitemap_exclude":false,"_sitemap_priority":"","_sitemap_frequency":"","footnotes":""},"class_list":["post-90","page","type-page","status-publish","hentry"],"_links":{"self":[{"href":"https:\/\/www.ddweb.be\/blog\/wp-json\/wp\/v2\/pages\/90","targetHints":{"allow":["GET"]}}],"collection":[{"href":"https:\/\/www.ddweb.be\/blog\/wp-json\/wp\/v2\/pages"}],"about":[{"href":"https:\/\/www.ddweb.be\/blog\/wp-json\/wp\/v2\/types\/page"}],"author":[{"embeddable":true,"href":"https:\/\/www.ddweb.be\/blog\/wp-json\/wp\/v2\/users\/1"}],"replies":[{"embeddable":true,"href":"https:\/\/www.ddweb.be\/blog\/wp-json\/wp\/v2\/comments?post=90"}],"version-history":[{"count":2,"href":"https:\/\/www.ddweb.be\/blog\/wp-json\/wp\/v2\/pages\/90\/revisions"}],"predecessor-version":[{"id":220,"href":"https:\/\/www.ddweb.be\/blog\/wp-json\/wp\/v2\/pages\/90\/revisions\/220"}],"wp:attachment":[{"href":"https:\/\/www.ddweb.be\/blog\/wp-json\/wp\/v2\/media?parent=90"}],"curies":[{"name":"wp","href":"https:\/\/api.w.org\/{rel}","templated":true}]}}